{"id":1656,"date":"2020-09-15T06:48:29","date_gmt":"2020-09-15T04:48:29","guid":{"rendered":"http:\/\/www.excelliacreance.com\/index.php\/about\/"},"modified":"2023-04-06T23:35:09","modified_gmt":"2023-04-06T21:35:09","slug":"apropos","status":"publish","type":"page","link":"https:\/\/www.excelliacreance.com\/index.php\/apropos\/","title":{"rendered":"A propos"},"content":{"rendered":"\n<div class=\"wp-block-uagb-container uagb-block-2b3df6b7 alignfull uagb-is-root-container\"><div class=\"uagb-container-inner-blocks-wrap\">\n<div class=\"wp-block-uagb-advanced-heading uagb-block-1540322d\"><h1 class=\"uagb-heading-text\">Qui sommes-nous?<\/h1><\/div>\n<\/div><\/div>\n\n\n\n<div class=\"wp-block-uagb-container uagb-block-f15e8087 alignfull uagb-is-root-container\"><div class=\"uagb-container-inner-blocks-wrap\">\n<div class=\"wp-block-uagb-container uagb-block-dc1cdb9f\">\n<div class=\"wp-block-uagb-advanced-heading uagb-block-b9cd5d15\"><h3 class=\"uagb-heading-text\"><span class=\"uppercase\">\u00e0<\/span> propos d&rsquo;Excellia Cr\u00e9ances :<\/h3><div class=\"uagb-separator\"><\/div><p class=\"uagb-desc-text\">Nous sommes profond\u00e9ment convaincus que notre succ\u00e8s et notre p\u00e9rennit\u00e9 passent in\u00e9vitablement par la satisfaction de nos clients, c\u2019est pourquoi Excellia Cr\u00e9ance a \u00e9t\u00e9 constitu\u00e9 autour d\u2019une \u00e9quipe jeune, dynamique, hautement qualifi\u00e9e ayant acquis de solides exp\u00e9riences aupr\u00e8s de grands groupes ou de grandes soci\u00e9t\u00e9s de recouvrement.<\/p><\/div>\n\n\n\n<p>Contrairement \u00e0 d\u2019autres soci\u00e9t\u00e9s Excellia cr\u00e9ance est aujourd\u2019hui capable&nbsp;:<\/p>\n\n\n\n<div class=\"wp-block-uagb-icon-list uagb-block-430f04b0\"><div class=\"uagb-icon-list__wrap\">\n<div class=\"wp-block-uagb-icon-list-child uagb-block-506ffb79\"><span class=\"uagb-icon-list__source-wrap\"><svg xmlns=\"https:\/\/www.w3.org\/2000\/svg\" viewBox=\"0 0 512 512\"><path d=\"M0 256C0 114.6 114.6 0 256 0C397.4 0 512 114.6 512 256C512 397.4 397.4 512 256 512C114.6 512 0 397.4 0 256zM371.8 211.8C382.7 200.9 382.7 183.1 371.8 172.2C360.9 161.3 343.1 161.3 332.2 172.2L224 280.4L179.8 236.2C168.9 225.3 151.1 225.3 140.2 236.2C129.3 247.1 129.3 264.9 140.2 275.8L204.2 339.8C215.1 350.7 232.9 350.7 243.8 339.8L371.8 211.8z\"><\/path><\/svg><\/span><span class=\"uagb-icon-list__label\">De vous rembourser tout montant encaiss\u00e9 pour votre compte en un d\u00e9lai ne d\u00e9passant pas les 15 jours.<\/span><\/div>\n\n\n\n<div class=\"wp-block-uagb-icon-list-child uagb-block-49797a1c\"><span class=\"uagb-icon-list__source-wrap\"><svg xmlns=\"https:\/\/www.w3.org\/2000\/svg\" viewBox=\"0 0 512 512\"><path d=\"M0 256C0 114.6 114.6 0 256 0C397.4 0 512 114.6 512 256C512 397.4 397.4 512 256 512C114.6 512 0 397.4 0 256zM371.8 211.8C382.7 200.9 382.7 183.1 371.8 172.2C360.9 161.3 343.1 161.3 332.2 172.2L224 280.4L179.8 236.2C168.9 225.3 151.1 225.3 140.2 236.2C129.3 247.1 129.3 264.9 140.2 275.8L204.2 339.8C215.1 350.7 232.9 350.7 243.8 339.8L371.8 211.8z\"><\/path><\/svg><\/span><span class=\"uagb-icon-list__label\">De s\u2019engager sur des d\u00e9lais et des modalit\u00e9s de traitement amiable.<\/span><\/div>\n\n\n\n<div class=\"wp-block-uagb-icon-list-child uagb-block-3d4950df\"><span class=\"uagb-icon-list__source-wrap\"><svg xmlns=\"https:\/\/www.w3.org\/2000\/svg\" viewBox=\"0 0 512 512\"><path d=\"M0 256C0 114.6 114.6 0 256 0C397.4 0 512 114.6 512 256C512 397.4 397.4 512 256 512C114.6 512 0 397.4 0 256zM371.8 211.8C382.7 200.9 382.7 183.1 371.8 172.2C360.9 161.3 343.1 161.3 332.2 172.2L224 280.4L179.8 236.2C168.9 225.3 151.1 225.3 140.2 236.2C129.3 247.1 129.3 264.9 140.2 275.8L204.2 339.8C215.1 350.7 232.9 350.7 243.8 339.8L371.8 211.8z\"><\/path><\/svg><\/span><span class=\"uagb-icon-list__label\">De vous garantir une transparence totale concernant les proc\u00e9dures qu\u2019elle aura engag\u00e9e en vue du recouvrement de vos cr\u00e9ances.<\/span><\/div>\n<\/div><\/div>\n\n\n\n<p class=\"has-text-align-justify\">Gr\u00e2ce \u00e0 ses valeurs et \u00e0 son professionnalisme Excellia Cr\u00e9ance a pu se doter d\u00e8s sa cr\u00e9ation d\u2019un r\u00e9seau d\u2019auxiliaires de justice r\u00e9partis sur tout le territoire Tunisien et a pu aussi conclure des conventions de partenariat avec d\u2019autres soci\u00e9t\u00e9s de recouvrement couvrant l\u2019ensemble du territoire europ\u00e9en.&nbsp; &nbsp;&nbsp;<\/p>\n\n\n\n<div class=\"wp-block-uagb-advanced-heading uagb-block-394b5ba9\"><h3 class=\"uagb-heading-text\">L&rsquo;\u00e9thique et la transparence au c\u0153ur de notre approche<\/h3><div class=\"uagb-separator\"><\/div><p class=\"uagb-desc-text\">Chez Excellia, nous accordons une grande importance \u00e0 l&rsquo;\u00e9thique et \u00e0 la transparence dans toutes nos activit\u00e9s. Nous sommes convaincus que notre approche doit \u00eatre bas\u00e9e sur une communication ouverte et honn\u00eate avec nos clients et nos d\u00e9biteurs. Nous agissons avec professionnalisme, int\u00e9grit\u00e9 et respect de la r\u00e9glementation en vigueur pour assurer une gestion \u00e9thique et transparente des cr\u00e9ances qui nous sont confi\u00e9es. Nous mettons un point d&rsquo;honneur \u00e0 maintenir une relation de confiance avec nos clients et \u00e0 leur fournir des rapports r\u00e9guliers et d\u00e9taill\u00e9s sur les actions de recouvrement en cours.<\/p><\/div>\n<\/div>\n\n\n\n<div class=\"wp-block-uagb-container uagb-block-4f43dadc\">\n<div class=\"wp-block-uagb-image uagb-block-0aefda91 wp-block-uagb-image--layout-default wp-block-uagb-image--effect-grayscale wp-block-uagb-image--align-none\"><figure class=\"wp-block-uagb-image__figure\"><img decoding=\"async\" srcset=\"https:\/\/www.excelliacreance.com\/wp-content\/uploads\/2023\/03\/pexels-ekaterina-bolovtsova-6077123-683x1024.jpg \" src=\"https:\/\/www.excelliacreance.com\/wp-content\/uploads\/2023\/03\/pexels-ekaterina-bolovtsova-6077123-683x1024.jpg\" alt=\"justice\" class=\"uag-image-1770\" width=\"667\" height=\"1001\" title=\"\" loading=\"lazy\"\/><\/figure><\/div>\n<\/div>\n<\/div><\/div>\n\n\n\n<div class=\"wp-block-uagb-container uagb-block-23f2a465 alignfull uagb-is-root-container\"><div class=\"uagb-container-inner-blocks-wrap\">\n<div style=\"height:20px\" aria-hidden=\"true\" class=\"wp-block-spacer\"><\/div>\n\n\n\n<div class=\"wp-block-uagb-advanced-heading uagb-block-b62e4291\"><h4 class=\"uagb-heading-text\">Nos Valeurs<\/h4><div class=\"uagb-separator\"><\/div><p class=\"uagb-desc-text\">Chez Excellia, nous sommes convaincus que le recouvrement des cr\u00e9ances doit \u00eatre r\u00e9alis\u00e9 avec int\u00e9grit\u00e9 et professionnalisme. <br>Pour cela, nous nous engageons \u00e0 :<\/p><\/div>\n\n\n\n<div class=\"wp-block-uagb-icon-list uagb-block-305b5c7b\"><div class=\"uagb-icon-list__wrap\">\n<div class=\"wp-block-uagb-icon-list-child uagb-block-2c93d5d7\"><a target=\"_self\" aria-label=\"Traiter chaque d\u00e9biteur avec respect \" rel=\"noopener noreferrer\" href=\"#\"> <\/a><span class=\"uagb-icon-list__source-wrap\"><svg xmlns=\"https:\/\/www.w3.org\/2000\/svg\" viewBox=\"0 0 448 512\"><path d=\"M400 288h-352c-17.69 0-32-14.32-32-32.01s14.31-31.99 32-31.99h352c17.69 0 32 14.3 32 31.99S417.7 288 400 288z\"><\/path><\/svg><\/span><span class=\"uagb-icon-list__label\">Traiter chaque d\u00e9biteur avec respect <\/span><\/div>\n\n\n\n<div class=\"wp-block-uagb-icon-list-child uagb-block-d61d9df8\"><a target=\"_self\" aria-label=\"Offrir des solutions sur mesure \u00e0 nos clients\" rel=\"noopener noreferrer\" href=\"#\"> <\/a><span class=\"uagb-icon-list__source-wrap\"><svg xmlns=\"https:\/\/www.w3.org\/2000\/svg\" viewBox=\"0 0 448 512\"><path d=\"M400 288h-352c-17.69 0-32-14.32-32-32.01s14.31-31.99 32-31.99h352c17.69 0 32 14.3 32 31.99S417.7 288 400 288z\"><\/path><\/svg><\/span><span class=\"uagb-icon-list__label\">Offrir des solutions sur mesure \u00e0 nos clients<\/span><\/div>\n\n\n\n<div class=\"wp-block-uagb-icon-list-child uagb-block-01baa36e\"><a target=\"_self\" aria-label=\"Fournir un service de haute qualit\u00e9 et un suivi rigoureux\" rel=\"noopener noreferrer\" href=\"#\"> <\/a><span class=\"uagb-icon-list__source-wrap\"><svg xmlns=\"https:\/\/www.w3.org\/2000\/svg\" viewBox=\"0 0 448 512\"><path d=\"M400 288h-352c-17.69 0-32-14.32-32-32.01s14.31-31.99 32-31.99h352c17.69 0 32 14.3 32 31.99S417.7 288 400 288z\"><\/path><\/svg><\/span><span class=\"uagb-icon-list__label\">Fournir un service de haute qualit\u00e9 et un suivi rigoureux<\/span><\/div>\n<\/div><\/div>\n<\/div><\/div>\n\n\n\n<div style=\"height:49px\" aria-hidden=\"true\" class=\"wp-block-spacer\"><\/div>\n","protected":false},"excerpt":{"rendered":"<p>Qui sommes-nous? \u00e0 propos d&rsquo;Excellia Cr\u00e9ances : Nous sommes profond\u00e9ment convaincus que notre succ\u00e8s et notre p\u00e9rennit\u00e9 passent in\u00e9vitablement par la satisfaction de nos clients, c\u2019est pourquoi Excellia Cr\u00e9ance a \u00e9t\u00e9 constitu\u00e9 autour d\u2019une \u00e9quipe jeune, dynamique, hautement qualifi\u00e9e ayant acquis de solides exp\u00e9riences aupr\u00e8s de grands groupes ou de grandes soci\u00e9t\u00e9s de recouvrement. Contrairement [&hellip;]<\/p>\n","protected":false},"author":1,"featured_media":0,"parent":0,"menu_order":0,"comment_status":"closed","ping_status":"closed","template":"","meta":{"_editorskit_title_hidden":false,"_editorskit_reading_time":0,"_editorskit_is_block_options_detached":false,"_editorskit_block_options_position":"{}","_uag_custom_page_level_css":"","site-sidebar-layout":"no-sidebar","site-content-layout":"plain-container","ast-site-content-layout":"default","site-content-style":"default","site-sidebar-style":"default","ast-global-header-display":"","ast-banner-title-visibility":"","ast-main-header-display":"","ast-hfb-above-header-display":"","ast-hfb-below-header-display":"","ast-hfb-mobile-header-display":"","site-post-title":"disabled","ast-breadcrumbs-content":"","ast-featured-img":"disabled","footer-sml-layout":"","ast-disable-related-posts":"","theme-transparent-header-meta":"enabled","adv-header-id-meta":"","stick-header-meta":"","header-above-stick-meta":"","header-main-stick-meta":"","header-below-stick-meta":"","astra-migrate-meta-layouts":"default","ast-page-background-enabled":"default","ast-page-background-meta":{"desktop":{"background-color":"","background-image":"","background-repeat":"repeat","background-position":"center center","background-size":"auto","background-attachment":"scroll","background-type":"","background-media":"","overlay-type":"","overlay-color":"","overlay-opacity":"","overlay-gradient":""},"tablet":{"background-color":"","background-image":"","background-repeat":"repeat","background-position":"center center","background-size":"auto","background-attachment":"scroll","background-type":"","background-media":"","overlay-type":"","overlay-color":"","overlay-opacity":"","overlay-gradient":""},"mobile":{"background-color":"","background-image":"","background-repeat":"repeat","background-position":"center center","background-size":"auto","background-attachment":"scroll","background-type":"","background-media":"","overlay-type":"","overlay-color":"","overlay-opacity":"","overlay-gradient":""}},"ast-content-background-meta":{"desktop":{"background-color":"var(--ast-global-color-5)","background-image":"","background-repeat":"repeat","background-position":"center center","background-size":"auto","background-attachment":"scroll","background-type":"","background-media":"","overlay-type":"","overlay-color":"","overlay-opacity":"","overlay-gradient":""},"tablet":{"background-color":"var(--ast-global-color-5)","background-image":"","background-repeat":"repeat","background-position":"center center","background-size":"auto","background-attachment":"scroll","background-type":"","background-media":"","overlay-type":"","overlay-color":"","overlay-opacity":"","overlay-gradient":""},"mobile":{"background-color":"var(--ast-global-color-5)","background-image":"","background-repeat":"repeat","background-position":"center center","background-size":"auto","background-attachment":"scroll","background-type":"","background-media":"","overlay-type":"","overlay-color":"","overlay-opacity":"","overlay-gradient":""}},"_themeisle_gutenberg_block_has_review":false,"footnotes":""},"class_list":["post-1656","page","type-page","status-publish","hentry"],"uagb_featured_image_src":{"full":false,"thumbnail":false,"medium":false,"medium_large":false,"large":false,"1536x1536":false,"2048x2048":false},"uagb_author_info":{"display_name":"admin5391","author_link":"https:\/\/www.excelliacreance.com\/index.php\/author\/admin5391\/"},"uagb_comment_info":0,"uagb_excerpt":"Qui sommes-nous? \u00e0 propos d&rsquo;Excellia Cr\u00e9ances : Nous sommes profond\u00e9ment convaincus que notre succ\u00e8s et notre p\u00e9rennit\u00e9 passent in\u00e9vitablement par la satisfaction de nos clients, c\u2019est pourquoi Excellia Cr\u00e9ance a \u00e9t\u00e9 constitu\u00e9 autour d\u2019une \u00e9quipe jeune, dynamique, hautement qualifi\u00e9e ayant acquis de solides exp\u00e9riences aupr\u00e8s de grands groupes ou de grandes soci\u00e9t\u00e9s de recouvrement. Contrairement\u2026","_links":{"self":[{"href":"https:\/\/www.excelliacreance.com\/index.php\/wp-json\/wp\/v2\/pages\/1656","targetHints":{"allow":["GET"]}}],"collection":[{"href":"https:\/\/www.excelliacreance.com\/index.php\/wp-json\/wp\/v2\/pages"}],"about":[{"href":"https:\/\/www.excelliacreance.com\/index.php\/wp-json\/wp\/v2\/types\/page"}],"author":[{"embeddable":true,"href":"https:\/\/www.excelliacreance.com\/index.php\/wp-json\/wp\/v2\/users\/1"}],"replies":[{"embeddable":true,"href":"https:\/\/www.excelliacreance.com\/index.php\/wp-json\/wp\/v2\/comments?post=1656"}],"version-history":[{"count":55,"href":"https:\/\/www.excelliacreance.com\/index.php\/wp-json\/wp\/v2\/pages\/1656\/revisions"}],"predecessor-version":[{"id":2548,"href":"https:\/\/www.excelliacreance.com\/index.php\/wp-json\/wp\/v2\/pages\/1656\/revisions\/2548"}],"wp:attachment":[{"href":"https:\/\/www.excelliacreance.com\/index.php\/wp-json\/wp\/v2\/media?parent=1656"}],"curies":[{"name":"wp","href":"https:\/\/api.w.org\/{rel}","templated":true}]}}