{"id":1658,"date":"2020-09-15T06:48:51","date_gmt":"2020-09-15T06:48:51","guid":{"rendered":"http:\/\/www.excelliacreance.com\/index.php\/services\/"},"modified":"2023-04-06T06:54:04","modified_gmt":"2023-04-06T04:54:04","slug":"services","status":"publish","type":"page","link":"https:\/\/www.excelliacreance.com\/index.php\/services\/","title":{"rendered":"Services"},"content":{"rendered":"\n<div class=\"wp-block-uagb-container uagb-block-472c4201 alignfull uagb-is-root-container\"><div class=\"uagb-container-inner-blocks-wrap\">\n<div class=\"wp-block-uagb-advanced-heading uagb-block-10419ed0\"><h1 class=\"uagb-heading-text\">Nos Services<\/h1><\/div>\n<\/div><\/div>\n\n\n\n<div class=\"wp-block-uagb-container uagb-block-14201f52 alignfull uagb-is-root-container\"><div class=\"uagb-container-inner-blocks-wrap\">\n<div style=\"height:41px\" aria-hidden=\"true\" class=\"wp-block-spacer\"><\/div>\n\n\n\n<div class=\"wp-block-uagb-advanced-heading uagb-block-a7757614\"><h4 class=\"uagb-heading-text\"><br>Des solutions efficaces pour le recouvrement rapide de vos cr\u00e9ances<\/h4><div class=\"uagb-separator\"><\/div><p class=\"uagb-desc-text\">La relation commerciale avec votre client\/d\u00e9biteur doit \u00eatre sauvegard\u00e9e en priorit\u00e9, vos cr\u00e9ances doivent \u00eatre recouvr\u00e9es, mais le d\u00e9biteur doit rester avant tout votre client. L\u2019image de votre entreprise doit demeurer intacte et notre d\u00e9marche en tient compte en permanence.<br>Excellia Cr\u00e9ance \u00e0 essentiellement pour objectif de maximiser vos chances d\u2019\u00e9viter les impay\u00e9s ou de recouvrir vos cr\u00e9ances dans les plus bref d\u00e9lais et aux moindres co\u00fbts. A cet effet nous<strong> <\/strong>mettons \u00e0 votre disposition&nbsp;:<\/p><\/div>\n\n\n\n<div class=\"wp-block-columns is-layout-flex wp-container-core-columns-is-layout-28f84493 wp-block-columns-is-layout-flex\">\n<div class=\"wp-block-column is-layout-flow wp-block-column-is-layout-flow\" style=\"padding-top:var(--wp--preset--spacing--40);padding-right:var(--wp--preset--spacing--40);padding-bottom:var(--wp--preset--spacing--40);padding-left:var(--wp--preset--spacing--40)\">\n<div class=\"wp-block-uagb-icon-list uagb-block-dc35a3c8\"><div class=\"uagb-icon-list__wrap\">\n<div class=\"wp-block-uagb-icon-list-child uagb-block-e8f8f362\"><span class=\"uagb-icon-list__source-wrap\"><svg xmlns=\"https:\/\/www.w3.org\/2000\/svg\" viewBox=\"0 0 512 512\"><path d=\"M256 0C114.6 0 0 114.6 0 256c0 141.4 114.6 256 256 256s256-114.6 256-256C512 114.6 397.4 0 256 0zM406.6 278.6l-103.1 103.1c-12.5 12.5-32.75 12.5-45.25 0s-12.5-32.75 0-45.25L306.8 288H128C110.3 288 96 273.7 96 256s14.31-32 32-32h178.8l-49.38-49.38c-12.5-12.5-12.5-32.75 0-45.25s32.75-12.5 45.25 0l103.1 103.1C414.6 241.3 416 251.1 416 256C416 260.9 414.6 270.7 406.6 278.6z\"><\/path><\/svg><\/span><span class=\"uagb-icon-list__label\"> Ses bases de donn\u00e9es ainsi que ses agents et ses r\u00e9seaux sp\u00e9cialis\u00e9s en renseignement commercial.<\/span><\/div>\n\n\n\n<div class=\"wp-block-uagb-icon-list-child uagb-block-11830b86\"><span class=\"uagb-icon-list__source-wrap\"><svg xmlns=\"https:\/\/www.w3.org\/2000\/svg\" viewBox=\"0 0 512 512\"><path d=\"M256 0C114.6 0 0 114.6 0 256c0 141.4 114.6 256 256 256s256-114.6 256-256C512 114.6 397.4 0 256 0zM406.6 278.6l-103.1 103.1c-12.5 12.5-32.75 12.5-45.25 0s-12.5-32.75 0-45.25L306.8 288H128C110.3 288 96 273.7 96 256s14.31-32 32-32h178.8l-49.38-49.38c-12.5-12.5-12.5-32.75 0-45.25s32.75-12.5 45.25 0l103.1 103.1C414.6 241.3 416 251.1 416 256C416 260.9 414.6 270.7 406.6 278.6z\"><\/path><\/svg><\/span><span class=\"uagb-icon-list__label\">Ses outils, ses moyens, ses agents sp\u00e9cialis\u00e9s en recouvrement de cr\u00e9ance.<\/span><\/div>\n\n\n\n<div class=\"wp-block-uagb-icon-list-child uagb-block-9df65bd1\"><span class=\"uagb-icon-list__source-wrap\"><svg xmlns=\"https:\/\/www.w3.org\/2000\/svg\" viewBox=\"0 0 512 512\"><path d=\"M256 0C114.6 0 0 114.6 0 256c0 141.4 114.6 256 256 256s256-114.6 256-256C512 114.6 397.4 0 256 0zM406.6 278.6l-103.1 103.1c-12.5 12.5-32.75 12.5-45.25 0s-12.5-32.75 0-45.25L306.8 288H128C110.3 288 96 273.7 96 256s14.31-32 32-32h178.8l-49.38-49.38c-12.5-12.5-12.5-32.75 0-45.25s32.75-12.5 45.25 0l103.1 103.1C414.6 241.3 416 251.1 416 256C416 260.9 414.6 270.7 406.6 278.6z\"><\/path><\/svg><\/span><span class=\"uagb-icon-list__label\">Ses conseill\u00e9s juridique.<\/span><\/div>\n<\/div><\/div>\n\n\n\n<div class=\"wp-block-uagb-advanced-heading uagb-block-e1d7bccf\"><h4 class=\"uagb-heading-text\"><br><strong>Notre approche<\/strong><\/h4><div class=\"uagb-separator\"><\/div><p class=\"uagb-desc-text\">\u00ab\u00a0Notre approche consiste \u00e0 comprendre votre entreprise, vos clients et vos besoins sp\u00e9cifiques. Nous travaillons en \u00e9troite collaboration avec vous pour d\u00e9velopper une strat\u00e9gie de recouvrement de cr\u00e9ances efficace, tout en maintenant une relation respectueuse avec vos d\u00e9biteurs. Nous sommes l\u00e0 pour vous aider \u00e0 r\u00e9cup\u00e9rer les fonds qui vous sont dus, tout en prot\u00e9geant l&rsquo;image de votre entreprise\u00a0\u00bb<\/p><\/div>\n<\/div>\n\n\n\n<div class=\"wp-block-column is-layout-flow wp-block-column-is-layout-flow\" style=\"padding-top:var(--wp--preset--spacing--40);padding-right:var(--wp--preset--spacing--40);padding-bottom:var(--wp--preset--spacing--40);padding-left:var(--wp--preset--spacing--40)\">\n<div class=\"wp-block-uagb-image uagb-block-b02754de wp-block-uagb-image--layout-default wp-block-uagb-image--effect-static wp-block-uagb-image--align-none\"><figure class=\"wp-block-uagb-image__figure\"><img decoding=\"async\" srcset=\"https:\/\/www.excelliacreance.com\/wp-content\/uploads\/2023\/04\/audit-4189560-1024x678.jpg \" src=\"https:\/\/www.excelliacreance.com\/wp-content\/uploads\/2023\/04\/audit-4189560-1024x678.jpg\" alt=\"\" class=\"uag-image-2034\" width=\"\" height=\"\" title=\"\" loading=\"lazy\"\/><\/figure><\/div>\n\n\n\n<div style=\"height:100px\" aria-hidden=\"true\" class=\"wp-block-spacer\"><\/div>\n<\/div>\n<\/div>\n<\/div><\/div>\n","protected":false},"excerpt":{"rendered":"<p>Nos Services Des solutions efficaces pour le recouvrement rapide de vos cr\u00e9ances La relation commerciale avec votre client\/d\u00e9biteur doit \u00eatre sauvegard\u00e9e en priorit\u00e9, vos cr\u00e9ances doivent \u00eatre recouvr\u00e9es, mais le d\u00e9biteur doit rester avant tout votre client. L\u2019image de votre entreprise doit demeurer intacte et notre d\u00e9marche en tient compte en permanence.Excellia Cr\u00e9ance \u00e0 essentiellement [&hellip;]<\/p>\n","protected":false},"author":1,"featured_media":0,"parent":0,"menu_order":0,"comment_status":"closed","ping_status":"closed","template":"","meta":{"_editorskit_title_hidden":false,"_editorskit_reading_time":0,"_editorskit_is_block_options_detached":false,"_editorskit_block_options_position":"{}","_uag_custom_page_level_css":"","site-sidebar-layout":"no-sidebar","site-content-layout":"plain-container","ast-site-content-layout":"default","site-content-style":"default","site-sidebar-style":"default","ast-global-header-display":"","ast-banner-title-visibility":"","ast-main-header-display":"","ast-hfb-above-header-display":"","ast-hfb-below-header-display":"","ast-hfb-mobile-header-display":"","site-post-title":"disabled","ast-breadcrumbs-content":"","ast-featured-img":"","footer-sml-layout":"","ast-disable-related-posts":"","theme-transparent-header-meta":"enabled","adv-header-id-meta":"","stick-header-meta":"","header-above-stick-meta":"","header-main-stick-meta":"","header-below-stick-meta":"","astra-migrate-meta-layouts":"default","ast-page-background-enabled":"default","ast-page-background-meta":{"desktop":{"background-color":"","background-image":"","background-repeat":"repeat","background-position":"center center","background-size":"auto","background-attachment":"scroll","background-type":"","background-media":"","overlay-type":"","overlay-color":"","overlay-opacity":"","overlay-gradient":""},"tablet":{"background-color":"","background-image":"","background-repeat":"repeat","background-position":"center center","background-size":"auto","background-attachment":"scroll","background-type":"","background-media":"","overlay-type":"","overlay-color":"","overlay-opacity":"","overlay-gradient":""},"mobile":{"background-color":"","background-image":"","background-repeat":"repeat","background-position":"center center","background-size":"auto","background-attachment":"scroll","background-type":"","background-media":"","overlay-type":"","overlay-color":"","overlay-opacity":"","overlay-gradient":""}},"ast-content-background-meta":{"desktop":{"background-color":"var(--ast-global-color-5)","background-image":"","background-repeat":"repeat","background-position":"center center","background-size":"auto","background-attachment":"scroll","background-type":"","background-media":"","overlay-type":"","overlay-color":"","overlay-opacity":"","overlay-gradient":""},"tablet":{"background-color":"var(--ast-global-color-5)","background-image":"","background-repeat":"repeat","background-position":"center center","background-size":"auto","background-attachment":"scroll","background-type":"","background-media":"","overlay-type":"","overlay-color":"","overlay-opacity":"","overlay-gradient":""},"mobile":{"background-color":"var(--ast-global-color-5)","background-image":"","background-repeat":"repeat","background-position":"center center","background-size":"auto","background-attachment":"scroll","background-type":"","background-media":"","overlay-type":"","overlay-color":"","overlay-opacity":"","overlay-gradient":""}},"_themeisle_gutenberg_block_has_review":false,"footnotes":""},"class_list":["post-1658","page","type-page","status-publish","hentry"],"uagb_featured_image_src":{"full":false,"thumbnail":false,"medium":false,"medium_large":false,"large":false,"1536x1536":false,"2048x2048":false},"uagb_author_info":{"display_name":"admin5391","author_link":"https:\/\/www.excelliacreance.com\/index.php\/author\/admin5391\/"},"uagb_comment_info":0,"uagb_excerpt":"Nos Services Des solutions efficaces pour le recouvrement rapide de vos cr\u00e9ances La relation commerciale avec votre client\/d\u00e9biteur doit \u00eatre sauvegard\u00e9e en priorit\u00e9, vos cr\u00e9ances doivent \u00eatre recouvr\u00e9es, mais le d\u00e9biteur doit rester avant tout votre client. L\u2019image de votre entreprise doit demeurer intacte et notre d\u00e9marche en tient compte en permanence.Excellia Cr\u00e9ance \u00e0 essentiellement\u2026","_links":{"self":[{"href":"https:\/\/www.excelliacreance.com\/index.php\/wp-json\/wp\/v2\/pages\/1658","targetHints":{"allow":["GET"]}}],"collection":[{"href":"https:\/\/www.excelliacreance.com\/index.php\/wp-json\/wp\/v2\/pages"}],"about":[{"href":"https:\/\/www.excelliacreance.com\/index.php\/wp-json\/wp\/v2\/types\/page"}],"author":[{"embeddable":true,"href":"https:\/\/www.excelliacreance.com\/index.php\/wp-json\/wp\/v2\/users\/1"}],"replies":[{"embeddable":true,"href":"https:\/\/www.excelliacreance.com\/index.php\/wp-json\/wp\/v2\/comments?post=1658"}],"version-history":[{"count":35,"href":"https:\/\/www.excelliacreance.com\/index.php\/wp-json\/wp\/v2\/pages\/1658\/revisions"}],"predecessor-version":[{"id":2484,"href":"https:\/\/www.excelliacreance.com\/index.php\/wp-json\/wp\/v2\/pages\/1658\/revisions\/2484"}],"wp:attachment":[{"href":"https:\/\/www.excelliacreance.com\/index.php\/wp-json\/wp\/v2\/media?parent=1658"}],"curies":[{"name":"wp","href":"https:\/\/api.w.org\/{rel}","templated":true}]}}