{"id":1723,"date":"2023-03-29T01:56:08","date_gmt":"2023-03-28T23:56:08","guid":{"rendered":"http:\/\/www.excelliacreance.com\/?page_id=1723"},"modified":"2023-04-06T07:15:37","modified_gmt":"2023-04-06T05:15:37","slug":"conseil","status":"publish","type":"page","link":"https:\/\/www.excelliacreance.com\/index.php\/conseil\/","title":{"rendered":"Conseil"},"content":{"rendered":"\n<div class=\"wp-block-uagb-container uagb-block-8026b7e8 alignfull uagb-is-root-container\"><div class=\"uagb-container-inner-blocks-wrap\">\n<div class=\"wp-block-uagb-advanced-heading uagb-block-b58aea70\"><h1 class=\"uagb-heading-text\">audit &amp; Conseil<\/h1><\/div>\n<\/div><\/div>\n\n\n\n<div class=\"wp-block-uagb-container uagb-block-bf214495 alignfull uagb-is-root-container\"><div class=\"uagb-container-inner-blocks-wrap\">\n<div class=\"wp-block-uagb-container uagb-block-ab6bfdd2\">\n<div class=\"wp-block-uagb-info-box uagb-block-84c224b5 uagb-infobox__content-wrap  uagb-infobox-icon-above-title uagb-infobox-image-valign-top\"><div class=\"uagb-ifb-content\"><div class=\"uagb-ifb-title-wrap\"><span class=\"uagb-ifb-title-prefix\">Le respect des conditions, des proc\u00e9dures de vente et de recouvrement avant \u00e9ch\u00e9ance, favorise le recouvrement efficace de vos cr\u00e9ances. Dans ce sens, Excellia Cr\u00e9ance vous offre les services suivants\u00a0:<\/span><h3 class=\"uagb-ifb-title\">L&rsquo;audit en gestion du risque client:<\/h3><\/div><div class=\"uagb-ifb-separator\"><\/div><p class=\"uagb-ifb-desc\">Cet examen concerne les conditions g\u00e9n\u00e9rales et particuli\u00e8res de vente ainsi que les op\u00e9rations li\u00e9es \u00e0 la facturation et les proc\u00e9dures de recouvrement mis en place dans votre entreprise.<br>Toutes les recommandations \u00e9mises par les auditeurs seront r\u00e9dig\u00e9es dans un rapport pr\u00e9cis remis au client. Ces conseils permettront d\u2019am\u00e9liorer la performance de vos proc\u00e9dures et la qualit\u00e9 de vos documents, de mani\u00e8re \u00e0 minimiser les risques d\u2019erreurs l\u00e9gales ou proc\u00e9durales pouvant conduire \u00e0 la perte d\u00e9finitive de la cr\u00e9ance.<\/p><\/div><\/div>\n\n\n\n<div class=\"wp-block-uagb-info-box uagb-block-db37730b uagb-infobox__content-wrap  uagb-infobox-icon-above-title uagb-infobox-image-valign-top\"><div class=\"uagb-ifb-content\"><div class=\"uagb-ifb-title-wrap\"><h3 class=\"uagb-ifb-title\">L&rsquo;\u00e9valuation des supports de cr\u00e9ance ainsi que des opportunit\u00e9s et des voies de recours:<\/h3><\/div><div class=\"uagb-ifb-separator\"><\/div><p class=\"uagb-ifb-desc\">Il s\u2019agit l\u00e0 d\u2019\u00e9valuer la validit\u00e9 des supports de cr\u00e9ance et de d\u00e9terminer quelle est la proc\u00e9dure la plus ad\u00e9quate en fonction du dossier en vue d\u2019obtenir un r\u00e8glement rapide et au moindre co\u00fbt.<\/p><\/div><\/div>\n<\/div>\n<\/div><\/div>\n","protected":false},"excerpt":{"rendered":"<p>audit &amp; Conseil<\/p>\n","protected":false},"author":1,"featured_media":0,"parent":0,"menu_order":0,"comment_status":"closed","ping_status":"closed","template":"","meta":{"_editorskit_title_hidden":false,"_editorskit_reading_time":0,"_editorskit_is_block_options_detached":false,"_editorskit_block_options_position":"{}","_uag_custom_page_level_css":"","site-sidebar-layout":"no-sidebar","site-content-layout":"plain-container","ast-site-content-layout":"default","site-content-style":"default","site-sidebar-style":"default","ast-global-header-display":"","ast-banner-title-visibility":"","ast-main-header-display":"","ast-hfb-above-header-display":"","ast-hfb-below-header-display":"","ast-hfb-mobile-header-display":"","site-post-title":"disabled","ast-breadcrumbs-content":"","ast-featured-img":"","footer-sml-layout":"","ast-disable-related-posts":"","theme-transparent-header-meta":"enabled","adv-header-id-meta":"","stick-header-meta":"","header-above-stick-meta":"","header-main-stick-meta":"","header-below-stick-meta":"","astra-migrate-meta-layouts":"default","ast-page-background-enabled":"default","ast-page-background-meta":{"desktop":{"background-color":"","background-image":"","background-repeat":"repeat","background-position":"center center","background-size":"auto","background-attachment":"scroll","background-type":"","background-media":"","overlay-type":"","overlay-color":"","overlay-opacity":"","overlay-gradient":""},"tablet":{"background-color":"","background-image":"","background-repeat":"repeat","background-position":"center center","background-size":"auto","background-attachment":"scroll","background-type":"","background-media":"","overlay-type":"","overlay-color":"","overlay-opacity":"","overlay-gradient":""},"mobile":{"background-color":"","background-image":"","background-repeat":"repeat","background-position":"center center","background-size":"auto","background-attachment":"scroll","background-type":"","background-media":"","overlay-type":"","overlay-color":"","overlay-opacity":"","overlay-gradient":""}},"ast-content-background-meta":{"desktop":{"background-color":"var(--ast-global-color-5)","background-image":"","background-repeat":"repeat","background-position":"center center","background-size":"auto","background-attachment":"scroll","background-type":"","background-media":"","overlay-type":"","overlay-color":"","overlay-opacity":"","overlay-gradient":""},"tablet":{"background-color":"var(--ast-global-color-5)","background-image":"","background-repeat":"repeat","background-position":"center center","background-size":"auto","background-attachment":"scroll","background-type":"","background-media":"","overlay-type":"","overlay-color":"","overlay-opacity":"","overlay-gradient":""},"mobile":{"background-color":"var(--ast-global-color-5)","background-image":"","background-repeat":"repeat","background-position":"center center","background-size":"auto","background-attachment":"scroll","background-type":"","background-media":"","overlay-type":"","overlay-color":"","overlay-opacity":"","overlay-gradient":""}},"_themeisle_gutenberg_block_has_review":false,"footnotes":""},"class_list":["post-1723","page","type-page","status-publish","hentry"],"uagb_featured_image_src":{"full":false,"thumbnail":false,"medium":false,"medium_large":false,"large":false,"1536x1536":false,"2048x2048":false},"uagb_author_info":{"display_name":"admin5391","author_link":"https:\/\/www.excelliacreance.com\/index.php\/author\/admin5391\/"},"uagb_comment_info":0,"uagb_excerpt":"audit &amp; Conseil","_links":{"self":[{"href":"https:\/\/www.excelliacreance.com\/index.php\/wp-json\/wp\/v2\/pages\/1723","targetHints":{"allow":["GET"]}}],"collection":[{"href":"https:\/\/www.excelliacreance.com\/index.php\/wp-json\/wp\/v2\/pages"}],"about":[{"href":"https:\/\/www.excelliacreance.com\/index.php\/wp-json\/wp\/v2\/types\/page"}],"author":[{"embeddable":true,"href":"https:\/\/www.excelliacreance.com\/index.php\/wp-json\/wp\/v2\/users\/1"}],"replies":[{"embeddable":true,"href":"https:\/\/www.excelliacreance.com\/index.php\/wp-json\/wp\/v2\/comments?post=1723"}],"version-history":[{"count":22,"href":"https:\/\/www.excelliacreance.com\/index.php\/wp-json\/wp\/v2\/pages\/1723\/revisions"}],"predecessor-version":[{"id":2517,"href":"https:\/\/www.excelliacreance.com\/index.php\/wp-json\/wp\/v2\/pages\/1723\/revisions\/2517"}],"wp:attachment":[{"href":"https:\/\/www.excelliacreance.com\/index.php\/wp-json\/wp\/v2\/media?parent=1723"}],"curies":[{"name":"wp","href":"https:\/\/api.w.org\/{rel}","templated":true}]}}