{"id":1734,"date":"2023-03-29T02:15:52","date_gmt":"2023-03-29T00:15:52","guid":{"rendered":"http:\/\/www.excelliacreance.com\/?page_id=1734"},"modified":"2023-04-07T13:23:51","modified_gmt":"2023-04-07T11:23:51","slug":"recouvrement-contentieux","status":"publish","type":"page","link":"https:\/\/www.excelliacreance.com\/index.php\/recouvrement-contentieux\/","title":{"rendered":"Recouvrement contentieux"},"content":{"rendered":"\n<div class=\"wp-block-uagb-container uagb-block-77a58e03 alignfull uagb-is-root-container\"><div class=\"uagb-container-inner-blocks-wrap\">\n<div class=\"wp-block-uagb-advanced-heading uagb-block-cf9cac52\"><h1 class=\"uagb-heading-text\">Recouvrement contentieux<\/h1><\/div>\n<\/div><\/div>\n\n\n\n<div style=\"height:50px\" aria-hidden=\"true\" class=\"wp-block-spacer\"><\/div>\n\n\n\n<div class=\"wp-block-uagb-container uagb-block-7e33db44 alignfull uagb-is-root-container\"><div class=\"uagb-container-inner-blocks-wrap\">\n<p class=\"has-text-align-justify\">Excellia Cr\u00e9ance met \u00e0 votre disposition l&rsquo;un des meilleurs services de recouvrement judiciaire en collaboration avec son r\u00e9seau d\u2019huissiers de justice et d&rsquo;avocats.<\/p>\n\n\n\n<h4 class=\"wp-block-heading\">Pendant cette phase, nos r\u00f4les principaux sont :<\/h4>\n\n\n\n<ul class=\"wp-block-list\">\n<li>&nbsp;D\u00e9terminer quelle est la proc\u00e9dure la plus ad\u00e9quate&nbsp;: En fonction du dossier, nous choisissons l&rsquo;action la plus adapt\u00e9e pour obtenir un r\u00e8glement rapide.<\/li>\n\n\n\n<li>&nbsp;Nous s\u00e9lectionnons le correspondant qualifi\u00e9 parmi un r\u00e9seau d\u2019avocats et d\u2019huissiers partenaires.<\/li>\n\n\n\n<li>Nous r\u00e9alisons un suivi pr\u00e9cis des dossiers et des auxiliaires de justice.<\/li>\n\n\n\n<li>Nous vous tenons inform\u00e9s en temps r\u00e9el des avanc\u00e9es de chacune des actions que nous entreprenons ainsi que de celles de nos partenaires (avocats, huissiers&#8230;). Nous coordonnons les actions et suivons leur bon d\u00e9roulement.<\/li>\n<\/ul>\n\n\n\n<p class=\"has-text-align-justify\">Cette phase d\u00e9bouche en principe sur un recouvrement forc\u00e9. Cependant nous restons \u00e0 tout moment ouverts \u00e0 un accord amiable avec le d\u00e9biteur dans la mesure o\u00f9 celui-ci correspond \u00e0 la d\u00e9fense de vos int\u00e9r\u00eats.<\/p>\n\n\n\n<div style=\"height:100px\" aria-hidden=\"true\" class=\"wp-block-spacer\"><\/div>\n<\/div><\/div>\n","protected":false},"excerpt":{"rendered":"<p>Recouvrement contentieux Excellia Cr\u00e9ance met \u00e0 votre disposition l&rsquo;un des meilleurs services de recouvrement judiciaire en collaboration avec son r\u00e9seau d\u2019huissiers de justice et d&rsquo;avocats. Pendant cette phase, nos r\u00f4les principaux sont : Cette phase d\u00e9bouche en principe sur un recouvrement forc\u00e9. Cependant nous restons \u00e0 tout moment ouverts \u00e0 un accord amiable avec le [&hellip;]<\/p>\n","protected":false},"author":1,"featured_media":0,"parent":0,"menu_order":0,"comment_status":"closed","ping_status":"closed","template":"","meta":{"_editorskit_title_hidden":false,"_editorskit_reading_time":0,"_editorskit_is_block_options_detached":false,"_editorskit_block_options_position":"{}","_uag_custom_page_level_css":"","site-sidebar-layout":"no-sidebar","site-content-layout":"plain-container","ast-site-content-layout":"default","site-content-style":"default","site-sidebar-style":"default","ast-global-header-display":"","ast-banner-title-visibility":"","ast-main-header-display":"","ast-hfb-above-header-display":"","ast-hfb-below-header-display":"","ast-hfb-mobile-header-display":"","site-post-title":"disabled","ast-breadcrumbs-content":"","ast-featured-img":"","footer-sml-layout":"","ast-disable-related-posts":"","theme-transparent-header-meta":"enabled","adv-header-id-meta":"","stick-header-meta":"","header-above-stick-meta":"","header-main-stick-meta":"","header-below-stick-meta":"","astra-migrate-meta-layouts":"default","ast-page-background-enabled":"default","ast-page-background-meta":{"desktop":{"background-color":"","background-image":"","background-repeat":"repeat","background-position":"center center","background-size":"auto","background-attachment":"scroll","background-type":"","background-media":"","overlay-type":"","overlay-color":"","overlay-opacity":"","overlay-gradient":""},"tablet":{"background-color":"","background-image":"","background-repeat":"repeat","background-position":"center center","background-size":"auto","background-attachment":"scroll","background-type":"","background-media":"","overlay-type":"","overlay-color":"","overlay-opacity":"","overlay-gradient":""},"mobile":{"background-color":"","background-image":"","background-repeat":"repeat","background-position":"center center","background-size":"auto","background-attachment":"scroll","background-type":"","background-media":"","overlay-type":"","overlay-color":"","overlay-opacity":"","overlay-gradient":""}},"ast-content-background-meta":{"desktop":{"background-color":"var(--ast-global-color-5)","background-image":"","background-repeat":"repeat","background-position":"center center","background-size":"auto","background-attachment":"scroll","background-type":"","background-media":"","overlay-type":"","overlay-color":"","overlay-opacity":"","overlay-gradient":""},"tablet":{"background-color":"var(--ast-global-color-5)","background-image":"","background-repeat":"repeat","background-position":"center center","background-size":"auto","background-attachment":"scroll","background-type":"","background-media":"","overlay-type":"","overlay-color":"","overlay-opacity":"","overlay-gradient":""},"mobile":{"background-color":"var(--ast-global-color-5)","background-image":"","background-repeat":"repeat","background-position":"center center","background-size":"auto","background-attachment":"scroll","background-type":"","background-media":"","overlay-type":"","overlay-color":"","overlay-opacity":"","overlay-gradient":""}},"_themeisle_gutenberg_block_has_review":false,"footnotes":""},"class_list":["post-1734","page","type-page","status-publish","hentry"],"uagb_featured_image_src":{"full":false,"thumbnail":false,"medium":false,"medium_large":false,"large":false,"1536x1536":false,"2048x2048":false},"uagb_author_info":{"display_name":"admin5391","author_link":"https:\/\/www.excelliacreance.com\/index.php\/author\/admin5391\/"},"uagb_comment_info":0,"uagb_excerpt":"Recouvrement contentieux Excellia Cr\u00e9ance met \u00e0 votre disposition l&rsquo;un des meilleurs services de recouvrement judiciaire en collaboration avec son r\u00e9seau d\u2019huissiers de justice et d&rsquo;avocats. Pendant cette phase, nos r\u00f4les principaux sont : Cette phase d\u00e9bouche en principe sur un recouvrement forc\u00e9. Cependant nous restons \u00e0 tout moment ouverts \u00e0 un accord amiable avec le\u2026","_links":{"self":[{"href":"https:\/\/www.excelliacreance.com\/index.php\/wp-json\/wp\/v2\/pages\/1734","targetHints":{"allow":["GET"]}}],"collection":[{"href":"https:\/\/www.excelliacreance.com\/index.php\/wp-json\/wp\/v2\/pages"}],"about":[{"href":"https:\/\/www.excelliacreance.com\/index.php\/wp-json\/wp\/v2\/types\/page"}],"author":[{"embeddable":true,"href":"https:\/\/www.excelliacreance.com\/index.php\/wp-json\/wp\/v2\/users\/1"}],"replies":[{"embeddable":true,"href":"https:\/\/www.excelliacreance.com\/index.php\/wp-json\/wp\/v2\/comments?post=1734"}],"version-history":[{"count":19,"href":"https:\/\/www.excelliacreance.com\/index.php\/wp-json\/wp\/v2\/pages\/1734\/revisions"}],"predecessor-version":[{"id":2564,"href":"https:\/\/www.excelliacreance.com\/index.php\/wp-json\/wp\/v2\/pages\/1734\/revisions\/2564"}],"wp:attachment":[{"href":"https:\/\/www.excelliacreance.com\/index.php\/wp-json\/wp\/v2\/media?parent=1734"}],"curies":[{"name":"wp","href":"https:\/\/api.w.org\/{rel}","templated":true}]}}